{"id":1642,"date":"2023-06-23T12:11:13","date_gmt":"2023-06-23T10:11:13","guid":{"rendered":"https:\/\/tenis.fapostolsantiago.org\/?page_id=1642"},"modified":"2023-06-23T12:11:13","modified_gmt":"2023-06-23T10:11:13","slug":"resultados-grupo-18","status":"publish","type":"page","link":"https:\/\/tenis23r2.fapostolsantiago.org\/index.php\/partidos-resultados-todos\/resultados-grupo-18\/","title":{"rendered":"Resultados Grupo 18"},"content":{"rendered":"<div class=\"sportspress sp-widget-align-none\"><div class=\"sp-template sp-template-event-list\">\n\t\t\t<h4 class=\"sp-table-caption\">Grupo 18<\/h4>\n\t\t<div class=\"sp-table-wrapper\">\n\t\t<table class=\"sp-event-list sp-event-list-format-title sp-data-table\n\t\t\t\t\t\t\t\t\t\t\t\t\t\t\t\t\t\t\t\t sp-paginated-table\n\t\t\t\t\t\t\t\t\t\t\t\t\t\t\t\t\t\t \t\t\t sp-sortable-table\n\t\t\t\t\t\t\t\t\t\t\t\t\t\t\t\t\t\t  sp-responsive-table eventlist_69e0aefa7052b\t\t\t\t\t\t\t\t\t\t\t\t\t sp-scrollable-table \" data-sp-rows=\"10\">\n\t\t\t<thead>\n\t\t\t\t<tr>\n\t\t\t\t\t<th class=\"data-date\">Fecha<\/th><th class=\"data-event\">Evento<\/th><th class=\"data-league\">Liga<\/th><th class=\"data-season\">temporada<\/th><th style=\"display:none;\" class=\"data-venue\">estadio<\/th><th class=\"data-article\">art\u00edculo<\/th>\t\t\t\t<\/tr>\n\t\t\t<\/thead>\n\t\t\t<tbody>\n\t\t\t\t<tr class=\"sp-row sp-post alternate sp-row-no-0\" itemscope itemtype=\"http:\/\/schema.org\/SportsEvent\"><td class=\"data-date\" itemprop=\"startDate\" content=\"0023-04-22T00:00-00:14\" data-label=\"Fecha\"><a href=\"https:\/\/tenis23r2.fapostolsantiago.org\/index.php\/event\/2633\/\" itemprop=\"url\"><date>0023-04-22 00:00:00<\/date>abril 22, 0023<\/a><\/td><td class=\"data-event\" data-label=\"Evento\"><a href=\"https:\/\/tenis23r2.fapostolsantiago.org\/index.php\/event\/2633\/\"> JOS\u00c9 MAR\u00cdA L.(47976) vs \u00c1NGEL ANDR\u00c9S G.(32240)<\/a><\/td><td class=\"data-league\" data-label=\"Liga\">Grupo 18<\/td><td class=\"data-season\" data-label=\"temporada\">Ronda 2<\/td><td style=\"display:none;\" class=\"data-venue\" data-label=\"estadio\" itemprop=\"location\" itemscope itemtype=\"http:\/\/schema.org\/Place\"><div itemprop=\"address\" itemscope itemtype=\"http:\/\/schema.org\/PostalAddress\">N\/A<\/div><\/td><td class=\"data-article\" data-label=\"art\u00edculo\"><a href=\"https:\/\/tenis23r2.fapostolsantiago.org\/index.php\/event\/2633\/\" itemprop=\"url\">Resumen<\/a><\/td><\/tr><tr class=\"sp-row sp-post sp-row-no-1\" itemscope itemtype=\"http:\/\/schema.org\/SportsEvent\"><td class=\"data-date\" itemprop=\"startDate\" content=\"0023-04-23T00:00-00:14\" data-label=\"Fecha\"><a href=\"https:\/\/tenis23r2.fapostolsantiago.org\/index.php\/event\/2634\/\" itemprop=\"url\"><date>0023-04-23 00:00:00<\/date>abril 23, 0023<\/a><\/td><td class=\"data-event\" data-label=\"Evento\"><a href=\"https:\/\/tenis23r2.fapostolsantiago.org\/index.php\/event\/2634\/\"> GABRIELA F.(47075) vs JOS\u00c9 MAR\u00cdA L.(47976)<\/a><\/td><td class=\"data-league\" data-label=\"Liga\">Grupo 18<\/td><td class=\"data-season\" data-label=\"temporada\">Ronda 2<\/td><td style=\"display:none;\" class=\"data-venue\" data-label=\"estadio\" itemprop=\"location\" itemscope itemtype=\"http:\/\/schema.org\/Place\"><div itemprop=\"address\" itemscope itemtype=\"http:\/\/schema.org\/PostalAddress\">N\/A<\/div><\/td><td class=\"data-article\" data-label=\"art\u00edculo\"><a href=\"https:\/\/tenis23r2.fapostolsantiago.org\/index.php\/event\/2634\/\" itemprop=\"url\">Resumen<\/a><\/td><\/tr><tr class=\"sp-row sp-post alternate sp-row-no-2\" itemscope itemtype=\"http:\/\/schema.org\/SportsEvent\"><td class=\"data-date\" itemprop=\"startDate\" content=\"0023-05-13T00:00-00:14\" data-label=\"Fecha\"><a href=\"https:\/\/tenis23r2.fapostolsantiago.org\/index.php\/event\/2635\/\" itemprop=\"url\"><date>0023-05-13 00:00:00<\/date>mayo 13, 0023<\/a><\/td><td class=\"data-event\" data-label=\"Evento\"><a href=\"https:\/\/tenis23r2.fapostolsantiago.org\/index.php\/event\/2635\/\"> GABRIELA F.(47075) vs MAR\u00cdA DEL MAR G.(14789)<\/a><\/td><td class=\"data-league\" data-label=\"Liga\">Grupo 18<\/td><td class=\"data-season\" data-label=\"temporada\">Ronda 2<\/td><td style=\"display:none;\" class=\"data-venue\" data-label=\"estadio\" itemprop=\"location\" itemscope itemtype=\"http:\/\/schema.org\/Place\"><div itemprop=\"address\" itemscope itemtype=\"http:\/\/schema.org\/PostalAddress\">N\/A<\/div><\/td><td class=\"data-article\" data-label=\"art\u00edculo\"><a href=\"https:\/\/tenis23r2.fapostolsantiago.org\/index.php\/event\/2635\/\" itemprop=\"url\">Resumen<\/a><\/td><\/tr><tr class=\"sp-row sp-post sp-row-no-3\" itemscope itemtype=\"http:\/\/schema.org\/SportsEvent\"><td class=\"data-date\" itemprop=\"startDate\" content=\"0023-05-15T00:00-00:14\" data-label=\"Fecha\"><a href=\"https:\/\/tenis23r2.fapostolsantiago.org\/index.php\/event\/2636\/\" itemprop=\"url\"><date>0023-05-15 00:00:00<\/date>mayo 15, 0023<\/a><\/td><td class=\"data-event\" data-label=\"Evento\"><a href=\"https:\/\/tenis23r2.fapostolsantiago.org\/index.php\/event\/2636\/\"> JOS\u00c9 MAR\u00cdA L.(47976) vs MAR\u00cdA DEL MAR G.(14789)<\/a><\/td><td class=\"data-league\" data-label=\"Liga\">Grupo 18<\/td><td class=\"data-season\" data-label=\"temporada\">Ronda 2<\/td><td style=\"display:none;\" class=\"data-venue\" data-label=\"estadio\" itemprop=\"location\" itemscope itemtype=\"http:\/\/schema.org\/Place\"><div itemprop=\"address\" itemscope itemtype=\"http:\/\/schema.org\/PostalAddress\">N\/A<\/div><\/td><td class=\"data-article\" data-label=\"art\u00edculo\"><a href=\"https:\/\/tenis23r2.fapostolsantiago.org\/index.php\/event\/2636\/\" itemprop=\"url\">Resumen<\/a><\/td><\/tr><tr class=\"sp-row sp-post alternate sp-row-no-4\" itemscope itemtype=\"http:\/\/schema.org\/SportsEvent\"><td class=\"data-date\" itemprop=\"startDate\" content=\"0023-05-15T00:00-00:14\" data-label=\"Fecha\"><a href=\"https:\/\/tenis23r2.fapostolsantiago.org\/index.php\/event\/2637\/\" itemprop=\"url\"><date>0023-05-15 00:00:00<\/date>mayo 15, 0023<\/a><\/td><td class=\"data-event\" data-label=\"Evento\"><a href=\"https:\/\/tenis23r2.fapostolsantiago.org\/index.php\/event\/2637\/\"> GUSTAVO ADOLFO M.(24624) vs GABRIELA F.(47075)<\/a><\/td><td class=\"data-league\" data-label=\"Liga\">Grupo 18<\/td><td class=\"data-season\" data-label=\"temporada\">Ronda 2<\/td><td style=\"display:none;\" class=\"data-venue\" data-label=\"estadio\" itemprop=\"location\" itemscope itemtype=\"http:\/\/schema.org\/Place\"><div itemprop=\"address\" itemscope itemtype=\"http:\/\/schema.org\/PostalAddress\">N\/A<\/div><\/td><td class=\"data-article\" data-label=\"art\u00edculo\"><a href=\"https:\/\/tenis23r2.fapostolsantiago.org\/index.php\/event\/2637\/\" itemprop=\"url\">Resumen<\/a><\/td><\/tr><tr class=\"sp-row sp-post sp-row-no-5\" itemscope itemtype=\"http:\/\/schema.org\/SportsEvent\"><td class=\"data-date\" itemprop=\"startDate\" content=\"0023-05-20T00:00-00:14\" data-label=\"Fecha\"><a href=\"https:\/\/tenis23r2.fapostolsantiago.org\/index.php\/event\/2638\/\" itemprop=\"url\"><date>0023-05-20 00:00:00<\/date>mayo 20, 0023<\/a><\/td><td class=\"data-event\" data-label=\"Evento\"><a href=\"https:\/\/tenis23r2.fapostolsantiago.org\/index.php\/event\/2638\/\"> \u00c1NGEL ANDR\u00c9S G.(32240) vs MAR\u00cdA DEL MAR G.(14789)<\/a><\/td><td class=\"data-league\" data-label=\"Liga\">Grupo 18<\/td><td class=\"data-season\" data-label=\"temporada\">Ronda 2<\/td><td style=\"display:none;\" class=\"data-venue\" data-label=\"estadio\" itemprop=\"location\" itemscope itemtype=\"http:\/\/schema.org\/Place\"><div itemprop=\"address\" itemscope itemtype=\"http:\/\/schema.org\/PostalAddress\">N\/A<\/div><\/td><td class=\"data-article\" data-label=\"art\u00edculo\"><a href=\"https:\/\/tenis23r2.fapostolsantiago.org\/index.php\/event\/2638\/\" itemprop=\"url\">Resumen<\/a><\/td><\/tr><tr class=\"sp-row sp-post alternate sp-row-no-6\" itemscope itemtype=\"http:\/\/schema.org\/SportsEvent\"><td class=\"data-date\" itemprop=\"startDate\" content=\"0023-05-21T00:00-00:14\" data-label=\"Fecha\"><a href=\"https:\/\/tenis23r2.fapostolsantiago.org\/index.php\/event\/2639\/\" itemprop=\"url\"><date>0023-05-21 00:00:00<\/date>mayo 21, 0023<\/a><\/td><td class=\"data-event\" data-label=\"Evento\"><a href=\"https:\/\/tenis23r2.fapostolsantiago.org\/index.php\/event\/2639\/\"> \u00c1NGEL ANDR\u00c9S G.(32240) vs GABRIELA F.(47075)<\/a><\/td><td class=\"data-league\" data-label=\"Liga\">Grupo 18<\/td><td class=\"data-season\" data-label=\"temporada\">Ronda 2<\/td><td style=\"display:none;\" class=\"data-venue\" data-label=\"estadio\" itemprop=\"location\" itemscope itemtype=\"http:\/\/schema.org\/Place\"><div itemprop=\"address\" itemscope itemtype=\"http:\/\/schema.org\/PostalAddress\">N\/A<\/div><\/td><td class=\"data-article\" data-label=\"art\u00edculo\"><a href=\"https:\/\/tenis23r2.fapostolsantiago.org\/index.php\/event\/2639\/\" itemprop=\"url\">Resumen<\/a><\/td><\/tr><tr class=\"sp-row sp-post sp-row-no-7\" itemscope itemtype=\"http:\/\/schema.org\/SportsEvent\"><td class=\"data-date\" itemprop=\"startDate\" content=\"0023-05-24T00:00-00:14\" data-label=\"Fecha\"><a href=\"https:\/\/tenis23r2.fapostolsantiago.org\/index.php\/event\/2640\/\" itemprop=\"url\"><date>0023-05-24 00:00:00<\/date>mayo 24, 0023<\/a><\/td><td class=\"data-event\" data-label=\"Evento\"><a href=\"https:\/\/tenis23r2.fapostolsantiago.org\/index.php\/event\/2640\/\"> GUSTAVO ADOLFO M.(24624) vs SILVIA G.(2312)<\/a><\/td><td class=\"data-league\" data-label=\"Liga\">Grupo 18<\/td><td class=\"data-season\" data-label=\"temporada\">Ronda 2<\/td><td style=\"display:none;\" class=\"data-venue\" data-label=\"estadio\" itemprop=\"location\" itemscope itemtype=\"http:\/\/schema.org\/Place\"><div itemprop=\"address\" itemscope itemtype=\"http:\/\/schema.org\/PostalAddress\">N\/A<\/div><\/td><td class=\"data-article\" data-label=\"art\u00edculo\"><a href=\"https:\/\/tenis23r2.fapostolsantiago.org\/index.php\/event\/2640\/\" itemprop=\"url\">Resumen<\/a><\/td><\/tr><tr class=\"sp-row sp-post alternate sp-row-no-8\" itemscope itemtype=\"http:\/\/schema.org\/SportsEvent\"><td class=\"data-date\" itemprop=\"startDate\" content=\"0023-05-27T00:00-00:14\" data-label=\"Fecha\"><a href=\"https:\/\/tenis23r2.fapostolsantiago.org\/index.php\/event\/2641\/\" itemprop=\"url\"><date>0023-05-27 00:00:00<\/date>mayo 27, 0023<\/a><\/td><td class=\"data-event\" data-label=\"Evento\"><a href=\"https:\/\/tenis23r2.fapostolsantiago.org\/index.php\/event\/2641\/\"> SILVIA G.(2312) vs JOS\u00c9 MAR\u00cdA L.(47976)<\/a><\/td><td class=\"data-league\" data-label=\"Liga\">Grupo 18<\/td><td class=\"data-season\" data-label=\"temporada\">Ronda 2<\/td><td style=\"display:none;\" class=\"data-venue\" data-label=\"estadio\" itemprop=\"location\" itemscope itemtype=\"http:\/\/schema.org\/Place\"><div itemprop=\"address\" itemscope itemtype=\"http:\/\/schema.org\/PostalAddress\">N\/A<\/div><\/td><td class=\"data-article\" data-label=\"art\u00edculo\"><a href=\"https:\/\/tenis23r2.fapostolsantiago.org\/index.php\/event\/2641\/\" itemprop=\"url\">Resumen<\/a><\/td><\/tr><tr class=\"sp-row sp-post sp-row-no-9\" itemscope itemtype=\"http:\/\/schema.org\/SportsEvent\"><td class=\"data-date\" itemprop=\"startDate\" content=\"0023-06-04T00:00-00:14\" data-label=\"Fecha\"><a href=\"https:\/\/tenis23r2.fapostolsantiago.org\/index.php\/event\/2642\/\" itemprop=\"url\"><date>0023-06-04 00:00:00<\/date>junio 4, 0023<\/a><\/td><td class=\"data-event\" data-label=\"Evento\"><a href=\"https:\/\/tenis23r2.fapostolsantiago.org\/index.php\/event\/2642\/\"> GUSTAVO ADOLFO M.(24624) vs JOS\u00c9 MAR\u00cdA L.(47976)<\/a><\/td><td class=\"data-league\" data-label=\"Liga\">Grupo 18<\/td><td class=\"data-season\" data-label=\"temporada\">Ronda 2<\/td><td style=\"display:none;\" class=\"data-venue\" data-label=\"estadio\" itemprop=\"location\" itemscope itemtype=\"http:\/\/schema.org\/Place\"><div itemprop=\"address\" itemscope itemtype=\"http:\/\/schema.org\/PostalAddress\">N\/A<\/div><\/td><td class=\"data-article\" data-label=\"art\u00edculo\"><a href=\"https:\/\/tenis23r2.fapostolsantiago.org\/index.php\/event\/2642\/\" itemprop=\"url\">Resumen<\/a><\/td><\/tr><tr class=\"sp-row sp-post alternate sp-row-no-10\" itemscope itemtype=\"http:\/\/schema.org\/SportsEvent\"><td class=\"data-date\" itemprop=\"startDate\" content=\"0023-06-04T00:00-00:14\" data-label=\"Fecha\"><a href=\"https:\/\/tenis23r2.fapostolsantiago.org\/index.php\/event\/2643\/\" itemprop=\"url\"><date>0023-06-04 00:00:00<\/date>junio 4, 0023<\/a><\/td><td class=\"data-event\" data-label=\"Evento\"><a href=\"https:\/\/tenis23r2.fapostolsantiago.org\/index.php\/event\/2643\/\"> SILVIA G.(2312) vs GABRIELA F.(47075)<\/a><\/td><td class=\"data-league\" data-label=\"Liga\">Grupo 18<\/td><td class=\"data-season\" data-label=\"temporada\">Ronda 2<\/td><td style=\"display:none;\" class=\"data-venue\" data-label=\"estadio\" itemprop=\"location\" itemscope itemtype=\"http:\/\/schema.org\/Place\"><div itemprop=\"address\" itemscope itemtype=\"http:\/\/schema.org\/PostalAddress\">N\/A<\/div><\/td><td class=\"data-article\" data-label=\"art\u00edculo\"><a href=\"https:\/\/tenis23r2.fapostolsantiago.org\/index.php\/event\/2643\/\" itemprop=\"url\">Resumen<\/a><\/td><\/tr><tr class=\"sp-row sp-post sp-row-no-11\" itemscope itemtype=\"http:\/\/schema.org\/SportsEvent\"><td class=\"data-date\" itemprop=\"startDate\" content=\"0023-06-14T00:00-00:14\" data-label=\"Fecha\"><a href=\"https:\/\/tenis23r2.fapostolsantiago.org\/index.php\/event\/2644\/\" itemprop=\"url\"><date>0023-06-14 00:00:00<\/date>junio 14, 0023<\/a><\/td><td class=\"data-event\" data-label=\"Evento\"><a href=\"https:\/\/tenis23r2.fapostolsantiago.org\/index.php\/event\/2644\/\"> GUSTAVO ADOLFO M.(24624) vs MAR\u00cdA DEL MAR G.(14789)<\/a><\/td><td class=\"data-league\" data-label=\"Liga\">Grupo 18<\/td><td class=\"data-season\" data-label=\"temporada\">Ronda 2<\/td><td style=\"display:none;\" class=\"data-venue\" data-label=\"estadio\" itemprop=\"location\" itemscope itemtype=\"http:\/\/schema.org\/Place\"><div itemprop=\"address\" itemscope itemtype=\"http:\/\/schema.org\/PostalAddress\">N\/A<\/div><\/td><td class=\"data-article\" data-label=\"art\u00edculo\"><a href=\"https:\/\/tenis23r2.fapostolsantiago.org\/index.php\/event\/2644\/\" itemprop=\"url\">Resumen<\/a><\/td><\/tr><tr class=\"sp-row sp-post alternate sp-row-no-12\" itemscope itemtype=\"http:\/\/schema.org\/SportsEvent\"><td class=\"data-date\" itemprop=\"startDate\" content=\"0023-06-19T00:00-00:14\" data-label=\"Fecha\"><a href=\"https:\/\/tenis23r2.fapostolsantiago.org\/index.php\/event\/2645\/\" itemprop=\"url\"><date>0023-06-19 00:00:00<\/date>junio 19, 0023<\/a><\/td><td class=\"data-event\" data-label=\"Evento\"><a href=\"https:\/\/tenis23r2.fapostolsantiago.org\/index.php\/event\/2645\/\"> SILVIA G.(2312) vs MAR\u00cdA DEL MAR G.(14789)<\/a><\/td><td class=\"data-league\" data-label=\"Liga\">Grupo 18<\/td><td class=\"data-season\" data-label=\"temporada\">Ronda 2<\/td><td style=\"display:none;\" class=\"data-venue\" data-label=\"estadio\" itemprop=\"location\" itemscope itemtype=\"http:\/\/schema.org\/Place\"><div itemprop=\"address\" itemscope itemtype=\"http:\/\/schema.org\/PostalAddress\">N\/A<\/div><\/td><td class=\"data-article\" data-label=\"art\u00edculo\"><a href=\"https:\/\/tenis23r2.fapostolsantiago.org\/index.php\/event\/2645\/\" itemprop=\"url\">Resumen<\/a><\/td><\/tr><tr class=\"sp-row sp-post sp-row-no-13\" itemscope itemtype=\"http:\/\/schema.org\/SportsEvent\"><td class=\"data-date\" itemprop=\"startDate\" content=\"0023-06-29T00:00-00:14\" data-label=\"Fecha\"><a href=\"https:\/\/tenis23r2.fapostolsantiago.org\/index.php\/event\/2646\/\" itemprop=\"url\"><date>0023-06-29 00:00:00<\/date>junio 29, 0023<\/a><\/td><td class=\"data-event\" data-label=\"Evento\"><a href=\"https:\/\/tenis23r2.fapostolsantiago.org\/index.php\/event\/2646\/\"> SILVIA G.(2312) vs \u00c1NGEL ANDR\u00c9S G.(32240)<\/a><\/td><td class=\"data-league\" data-label=\"Liga\">Grupo 18<\/td><td class=\"data-season\" data-label=\"temporada\">Ronda 2<\/td><td style=\"display:none;\" class=\"data-venue\" data-label=\"estadio\" itemprop=\"location\" itemscope itemtype=\"http:\/\/schema.org\/Place\"><div itemprop=\"address\" itemscope itemtype=\"http:\/\/schema.org\/PostalAddress\">N\/A<\/div><\/td><td class=\"data-article\" data-label=\"art\u00edculo\"><a href=\"https:\/\/tenis23r2.fapostolsantiago.org\/index.php\/event\/2646\/\" itemprop=\"url\">Resumen<\/a><\/td><\/tr>\t\t\t<\/tbody>\n\t\t<\/table>\n\t<\/div>\n\t<\/div>\n<\/div>\n<p>&nbsp;<\/p>\n","protected":false},"excerpt":{"rendered":"<p>&nbsp;<\/p>\n","protected":false},"author":1,"featured_media":0,"parent":90,"menu_order":0,"comment_status":"closed","ping_status":"closed","template":"","meta":{"footnotes":""},"class_list":["post-1642","page","type-page","status-publish","hentry"],"_links":{"self":[{"href":"https:\/\/tenis23r2.fapostolsantiago.org\/index.php\/wp-json\/wp\/v2\/pages\/1642","targetHints":{"allow":["GET"]}}],"collection":[{"href":"https:\/\/tenis23r2.fapostolsantiago.org\/index.php\/wp-json\/wp\/v2\/pages"}],"about":[{"href":"https:\/\/tenis23r2.fapostolsantiago.org\/index.php\/wp-json\/wp\/v2\/types\/page"}],"author":[{"embeddable":true,"href":"https:\/\/tenis23r2.fapostolsantiago.org\/index.php\/wp-json\/wp\/v2\/users\/1"}],"replies":[{"embeddable":true,"href":"https:\/\/tenis23r2.fapostolsantiago.org\/index.php\/wp-json\/wp\/v2\/comments?post=1642"}],"version-history":[{"count":2,"href":"https:\/\/tenis23r2.fapostolsantiago.org\/index.php\/wp-json\/wp\/v2\/pages\/1642\/revisions"}],"predecessor-version":[{"id":1664,"href":"https:\/\/tenis23r2.fapostolsantiago.org\/index.php\/wp-json\/wp\/v2\/pages\/1642\/revisions\/1664"}],"up":[{"embeddable":true,"href":"https:\/\/tenis23r2.fapostolsantiago.org\/index.php\/wp-json\/wp\/v2\/pages\/90"}],"wp:attachment":[{"href":"https:\/\/tenis23r2.fapostolsantiago.org\/index.php\/wp-json\/wp\/v2\/media?parent=1642"}],"curies":[{"name":"wp","href":"https:\/\/api.w.org\/{rel}","templated":true}]}}