{"id":1700,"date":"2023-06-23T12:24:31","date_gmt":"2023-06-23T10:24:31","guid":{"rendered":"https:\/\/tenis.fapostolsantiago.org\/?page_id=1700"},"modified":"2023-06-23T12:24:31","modified_gmt":"2023-06-23T10:24:31","slug":"resultados-grupo-32","status":"publish","type":"page","link":"https:\/\/tenis23r2.fapostolsantiago.org\/index.php\/partidos-resultados-todos\/resultados-grupo-32\/","title":{"rendered":"Resultados Grupo 32"},"content":{"rendered":"<div class=\"sportspress sp-widget-align-none\"><div class=\"sp-template sp-template-event-list\">\n\t\t\t<h4 class=\"sp-table-caption\">Grupo 32<\/h4>\n\t\t<div class=\"sp-table-wrapper\">\n\t\t<table class=\"sp-event-list sp-event-list-format-title sp-data-table\n\t\t\t\t\t\t\t\t\t\t\t\t\t\t\t\t\t\t\t\t sp-paginated-table\n\t\t\t\t\t\t\t\t\t\t\t\t\t\t\t\t\t\t \t\t\t sp-sortable-table\n\t\t\t\t\t\t\t\t\t\t\t\t\t\t\t\t\t\t  sp-responsive-table eventlist_69e0aefd23458\t\t\t\t\t\t\t\t\t\t\t\t\t sp-scrollable-table \" data-sp-rows=\"10\">\n\t\t\t<thead>\n\t\t\t\t<tr>\n\t\t\t\t\t<th class=\"data-date\">Fecha<\/th><th class=\"data-event\">Evento<\/th><th class=\"data-league\">Liga<\/th><th class=\"data-season\">temporada<\/th><th style=\"display:none;\" class=\"data-venue\">estadio<\/th><th class=\"data-article\">art\u00edculo<\/th>\t\t\t\t<\/tr>\n\t\t\t<\/thead>\n\t\t\t<tbody>\n\t\t\t\t<tr class=\"sp-row sp-post alternate sp-row-no-0\" itemscope itemtype=\"http:\/\/schema.org\/SportsEvent\"><td class=\"data-date\" itemprop=\"startDate\" content=\"0023-05-04T00:00-00:14\" data-label=\"Fecha\"><a href=\"https:\/\/tenis23r2.fapostolsantiago.org\/index.php\/event\/2706\/\" itemprop=\"url\"><date>0023-05-04 00:00:00<\/date>mayo 4, 0023<\/a><\/td><td class=\"data-event\" data-label=\"Evento\"><a href=\"https:\/\/tenis23r2.fapostolsantiago.org\/index.php\/event\/2706\/\"> LINO \u00c1NGEL M.(96625) vs MANUEL D.(97020)<\/a><\/td><td class=\"data-league\" data-label=\"Liga\">Grupo 32<\/td><td class=\"data-season\" data-label=\"temporada\">Ronda 2<\/td><td style=\"display:none;\" class=\"data-venue\" data-label=\"estadio\" itemprop=\"location\" itemscope itemtype=\"http:\/\/schema.org\/Place\"><div itemprop=\"address\" itemscope itemtype=\"http:\/\/schema.org\/PostalAddress\">N\/A<\/div><\/td><td class=\"data-article\" data-label=\"art\u00edculo\"><a href=\"https:\/\/tenis23r2.fapostolsantiago.org\/index.php\/event\/2706\/\" itemprop=\"url\">Resumen<\/a><\/td><\/tr><tr class=\"sp-row sp-post sp-row-no-1\" itemscope itemtype=\"http:\/\/schema.org\/SportsEvent\"><td class=\"data-date\" itemprop=\"startDate\" content=\"0023-05-15T00:00-00:14\" data-label=\"Fecha\"><a href=\"https:\/\/tenis23r2.fapostolsantiago.org\/index.php\/event\/2707\/\" itemprop=\"url\"><date>0023-05-15 00:00:00<\/date>mayo 15, 0023<\/a><\/td><td class=\"data-event\" data-label=\"Evento\"><a href=\"https:\/\/tenis23r2.fapostolsantiago.org\/index.php\/event\/2707\/\"> LINO \u00c1NGEL M.(96625) vs MIGUEL C.(95257)<\/a><\/td><td class=\"data-league\" data-label=\"Liga\">Grupo 32<\/td><td class=\"data-season\" data-label=\"temporada\">Ronda 2<\/td><td style=\"display:none;\" class=\"data-venue\" data-label=\"estadio\" itemprop=\"location\" itemscope itemtype=\"http:\/\/schema.org\/Place\"><div itemprop=\"address\" itemscope itemtype=\"http:\/\/schema.org\/PostalAddress\">N\/A<\/div><\/td><td class=\"data-article\" data-label=\"art\u00edculo\"><a href=\"https:\/\/tenis23r2.fapostolsantiago.org\/index.php\/event\/2707\/\" itemprop=\"url\">Resumen<\/a><\/td><\/tr><tr class=\"sp-row sp-post alternate sp-row-no-2\" itemscope itemtype=\"http:\/\/schema.org\/SportsEvent\"><td class=\"data-date\" itemprop=\"startDate\" content=\"0023-05-21T00:00-00:14\" data-label=\"Fecha\"><a href=\"https:\/\/tenis23r2.fapostolsantiago.org\/index.php\/event\/2708\/\" itemprop=\"url\"><date>0023-05-21 00:00:00<\/date>mayo 21, 0023<\/a><\/td><td class=\"data-event\" data-label=\"Evento\"><a href=\"https:\/\/tenis23r2.fapostolsantiago.org\/index.php\/event\/2708\/\"> MANUEL D.(97020) vs MIGUEL C.(95257)<\/a><\/td><td class=\"data-league\" data-label=\"Liga\">Grupo 32<\/td><td class=\"data-season\" data-label=\"temporada\">Ronda 2<\/td><td style=\"display:none;\" class=\"data-venue\" data-label=\"estadio\" itemprop=\"location\" itemscope itemtype=\"http:\/\/schema.org\/Place\"><div itemprop=\"address\" itemscope itemtype=\"http:\/\/schema.org\/PostalAddress\">N\/A<\/div><\/td><td class=\"data-article\" data-label=\"art\u00edculo\"><a href=\"https:\/\/tenis23r2.fapostolsantiago.org\/index.php\/event\/2708\/\" itemprop=\"url\">Resumen<\/a><\/td><\/tr><tr class=\"sp-row sp-post sp-row-no-3\" itemscope itemtype=\"http:\/\/schema.org\/SportsEvent\"><td class=\"data-date\" itemprop=\"startDate\" content=\"0023-05-25T00:00-00:14\" data-label=\"Fecha\"><a href=\"https:\/\/tenis23r2.fapostolsantiago.org\/index.php\/event\/2709\/\" itemprop=\"url\"><date>0023-05-25 00:00:00<\/date>mayo 25, 0023<\/a><\/td><td class=\"data-event\" data-label=\"Evento\"><a href=\"https:\/\/tenis23r2.fapostolsantiago.org\/index.php\/event\/2709\/\"> \u00c1LVARO S.(96678) vs JOS\u00c9 JOAQU\u00cdN A.(96658)<\/a><\/td><td class=\"data-league\" data-label=\"Liga\">Grupo 32<\/td><td class=\"data-season\" data-label=\"temporada\">Ronda 2<\/td><td style=\"display:none;\" class=\"data-venue\" data-label=\"estadio\" itemprop=\"location\" itemscope itemtype=\"http:\/\/schema.org\/Place\"><div itemprop=\"address\" itemscope itemtype=\"http:\/\/schema.org\/PostalAddress\">N\/A<\/div><\/td><td class=\"data-article\" data-label=\"art\u00edculo\"><a href=\"https:\/\/tenis23r2.fapostolsantiago.org\/index.php\/event\/2709\/\" itemprop=\"url\">Resumen<\/a><\/td><\/tr><tr class=\"sp-row sp-post alternate sp-row-no-4\" itemscope itemtype=\"http:\/\/schema.org\/SportsEvent\"><td class=\"data-date\" itemprop=\"startDate\" content=\"0023-05-27T00:00-00:14\" data-label=\"Fecha\"><a href=\"https:\/\/tenis23r2.fapostolsantiago.org\/index.php\/event\/2710\/\" itemprop=\"url\"><date>0023-05-27 00:00:00<\/date>mayo 27, 0023<\/a><\/td><td class=\"data-event\" data-label=\"Evento\"><a href=\"https:\/\/tenis23r2.fapostolsantiago.org\/index.php\/event\/2710\/\"> JOS\u00c9 JOAQU\u00cdN A.(96658) vs MANUEL D.(97020)<\/a><\/td><td class=\"data-league\" data-label=\"Liga\">Grupo 32<\/td><td class=\"data-season\" data-label=\"temporada\">Ronda 2<\/td><td style=\"display:none;\" class=\"data-venue\" data-label=\"estadio\" itemprop=\"location\" itemscope itemtype=\"http:\/\/schema.org\/Place\"><div itemprop=\"address\" itemscope itemtype=\"http:\/\/schema.org\/PostalAddress\">N\/A<\/div><\/td><td class=\"data-article\" data-label=\"art\u00edculo\"><a href=\"https:\/\/tenis23r2.fapostolsantiago.org\/index.php\/event\/2710\/\" itemprop=\"url\">Resumen<\/a><\/td><\/tr><tr class=\"sp-row sp-post sp-row-no-5\" itemscope itemtype=\"http:\/\/schema.org\/SportsEvent\"><td class=\"data-date\" itemprop=\"startDate\" content=\"0023-06-04T00:00-00:14\" data-label=\"Fecha\"><a href=\"https:\/\/tenis23r2.fapostolsantiago.org\/index.php\/event\/2711\/\" itemprop=\"url\"><date>0023-06-04 00:00:00<\/date>junio 4, 0023<\/a><\/td><td class=\"data-event\" data-label=\"Evento\"><a href=\"https:\/\/tenis23r2.fapostolsantiago.org\/index.php\/event\/2711\/\"> JOS\u00c9 JOAQU\u00cdN A.(96658) vs LINO \u00c1NGEL M.(96625)<\/a><\/td><td class=\"data-league\" data-label=\"Liga\">Grupo 32<\/td><td class=\"data-season\" data-label=\"temporada\">Ronda 2<\/td><td style=\"display:none;\" class=\"data-venue\" data-label=\"estadio\" itemprop=\"location\" itemscope itemtype=\"http:\/\/schema.org\/Place\"><div itemprop=\"address\" itemscope itemtype=\"http:\/\/schema.org\/PostalAddress\">N\/A<\/div><\/td><td class=\"data-article\" data-label=\"art\u00edculo\"><a href=\"https:\/\/tenis23r2.fapostolsantiago.org\/index.php\/event\/2711\/\" itemprop=\"url\">Resumen<\/a><\/td><\/tr><tr class=\"sp-row sp-post alternate sp-row-no-6\" itemscope itemtype=\"http:\/\/schema.org\/SportsEvent\"><td class=\"data-date\" itemprop=\"startDate\" content=\"0023-06-20T00:00-00:14\" data-label=\"Fecha\"><a href=\"https:\/\/tenis23r2.fapostolsantiago.org\/index.php\/event\/2712\/\" itemprop=\"url\"><date>0023-06-20 00:00:00<\/date>junio 20, 0023<\/a><\/td><td class=\"data-event\" data-label=\"Evento\"><a href=\"https:\/\/tenis23r2.fapostolsantiago.org\/index.php\/event\/2712\/\"> \u00c1LVARO S.(96678) vs MIGUEL C.(95257)<\/a><\/td><td class=\"data-league\" data-label=\"Liga\">Grupo 32<\/td><td class=\"data-season\" data-label=\"temporada\">Ronda 2<\/td><td style=\"display:none;\" class=\"data-venue\" data-label=\"estadio\" itemprop=\"location\" itemscope itemtype=\"http:\/\/schema.org\/Place\"><div itemprop=\"address\" itemscope itemtype=\"http:\/\/schema.org\/PostalAddress\">N\/A<\/div><\/td><td class=\"data-article\" data-label=\"art\u00edculo\"><a href=\"https:\/\/tenis23r2.fapostolsantiago.org\/index.php\/event\/2712\/\" itemprop=\"url\">Resumen<\/a><\/td><\/tr><tr class=\"sp-row sp-post sp-row-no-7\" itemscope itemtype=\"http:\/\/schema.org\/SportsEvent\"><td class=\"data-date\" itemprop=\"startDate\" content=\"0023-06-29T00:00-00:14\" data-label=\"Fecha\"><a href=\"https:\/\/tenis23r2.fapostolsantiago.org\/index.php\/event\/2713\/\" itemprop=\"url\"><date>0023-06-29 00:00:00<\/date>junio 29, 0023<\/a><\/td><td class=\"data-event\" data-label=\"Evento\"><a href=\"https:\/\/tenis23r2.fapostolsantiago.org\/index.php\/event\/2713\/\"> \u00c1LVARO S.(96678) vs LINO \u00c1NGEL M.(96625)<\/a><\/td><td class=\"data-league\" data-label=\"Liga\">Grupo 32<\/td><td class=\"data-season\" data-label=\"temporada\">Ronda 2<\/td><td style=\"display:none;\" class=\"data-venue\" data-label=\"estadio\" itemprop=\"location\" itemscope itemtype=\"http:\/\/schema.org\/Place\"><div itemprop=\"address\" itemscope itemtype=\"http:\/\/schema.org\/PostalAddress\">N\/A<\/div><\/td><td class=\"data-article\" data-label=\"art\u00edculo\"><a href=\"https:\/\/tenis23r2.fapostolsantiago.org\/index.php\/event\/2713\/\" itemprop=\"url\">Resumen<\/a><\/td><\/tr><tr class=\"sp-row sp-post alternate sp-row-no-8\" itemscope itemtype=\"http:\/\/schema.org\/SportsEvent\"><td class=\"data-date\" itemprop=\"startDate\" content=\"0023-06-29T00:00-00:14\" data-label=\"Fecha\"><a href=\"https:\/\/tenis23r2.fapostolsantiago.org\/index.php\/event\/2714\/\" itemprop=\"url\"><date>0023-06-29 00:00:00<\/date>junio 29, 0023<\/a><\/td><td class=\"data-event\" data-label=\"Evento\"><a href=\"https:\/\/tenis23r2.fapostolsantiago.org\/index.php\/event\/2714\/\"> \u00c1LVARO S.(96678) vs MANUEL D.(97020)<\/a><\/td><td class=\"data-league\" data-label=\"Liga\">Grupo 32<\/td><td class=\"data-season\" data-label=\"temporada\">Ronda 2<\/td><td style=\"display:none;\" class=\"data-venue\" data-label=\"estadio\" itemprop=\"location\" itemscope itemtype=\"http:\/\/schema.org\/Place\"><div itemprop=\"address\" itemscope itemtype=\"http:\/\/schema.org\/PostalAddress\">N\/A<\/div><\/td><td class=\"data-article\" data-label=\"art\u00edculo\"><a href=\"https:\/\/tenis23r2.fapostolsantiago.org\/index.php\/event\/2714\/\" itemprop=\"url\">Resumen<\/a><\/td><\/tr>\t\t\t<\/tbody>\n\t\t<\/table>\n\t<\/div>\n\t<\/div>\n<\/div>\n<p>&nbsp;<\/p>\n<p>&nbsp;<\/p>\n","protected":false},"excerpt":{"rendered":"<p>&nbsp; &nbsp;<\/p>\n","protected":false},"author":1,"featured_media":0,"parent":90,"menu_order":0,"comment_status":"closed","ping_status":"closed","template":"","meta":{"footnotes":""},"class_list":["post-1700","page","type-page","status-publish","hentry"],"_links":{"self":[{"href":"https:\/\/tenis23r2.fapostolsantiago.org\/index.php\/wp-json\/wp\/v2\/pages\/1700","targetHints":{"allow":["GET"]}}],"collection":[{"href":"https:\/\/tenis23r2.fapostolsantiago.org\/index.php\/wp-json\/wp\/v2\/pages"}],"about":[{"href":"https:\/\/tenis23r2.fapostolsantiago.org\/index.php\/wp-json\/wp\/v2\/types\/page"}],"author":[{"embeddable":true,"href":"https:\/\/tenis23r2.fapostolsantiago.org\/index.php\/wp-json\/wp\/v2\/users\/1"}],"replies":[{"embeddable":true,"href":"https:\/\/tenis23r2.fapostolsantiago.org\/index.php\/wp-json\/wp\/v2\/comments?post=1700"}],"version-history":[{"count":2,"href":"https:\/\/tenis23r2.fapostolsantiago.org\/index.php\/wp-json\/wp\/v2\/pages\/1700\/revisions"}],"predecessor-version":[{"id":1711,"href":"https:\/\/tenis23r2.fapostolsantiago.org\/index.php\/wp-json\/wp\/v2\/pages\/1700\/revisions\/1711"}],"up":[{"embeddable":true,"href":"https:\/\/tenis23r2.fapostolsantiago.org\/index.php\/wp-json\/wp\/v2\/pages\/90"}],"wp:attachment":[{"href":"https:\/\/tenis23r2.fapostolsantiago.org\/index.php\/wp-json\/wp\/v2\/media?parent=1700"}],"curies":[{"name":"wp","href":"https:\/\/api.w.org\/{rel}","templated":true}]}}