{"id":1702,"date":"2023-06-23T12:26:05","date_gmt":"2023-06-23T10:26:05","guid":{"rendered":"https:\/\/tenis.fapostolsantiago.org\/?page_id=1702"},"modified":"2023-06-23T12:26:05","modified_gmt":"2023-06-23T10:26:05","slug":"resultados-grupo-34","status":"publish","type":"page","link":"https:\/\/tenis23r2.fapostolsantiago.org\/index.php\/partidos-resultados-todos\/resultados-grupo-34\/","title":{"rendered":"Resultados Grupo 34"},"content":{"rendered":"<div class=\"sportspress sp-widget-align-none\"><div class=\"sp-template sp-template-event-list\">\n\t\t\t<h4 class=\"sp-table-caption\">Grupo 34<\/h4>\n\t\t<div class=\"sp-table-wrapper\">\n\t\t<table class=\"sp-event-list sp-event-list-format-title sp-data-table\n\t\t\t\t\t\t\t\t\t\t\t\t\t\t\t\t\t\t\t\t sp-paginated-table\n\t\t\t\t\t\t\t\t\t\t\t\t\t\t\t\t\t\t \t\t\t sp-sortable-table\n\t\t\t\t\t\t\t\t\t\t\t\t\t\t\t\t\t\t  sp-responsive-table eventlist_69e0e252c7fd8\t\t\t\t\t\t\t\t\t\t\t\t\t sp-scrollable-table \" data-sp-rows=\"10\">\n\t\t\t<thead>\n\t\t\t\t<tr>\n\t\t\t\t\t<th class=\"data-date\">Fecha<\/th><th class=\"data-event\">Evento<\/th><th class=\"data-league\">Liga<\/th><th class=\"data-season\">temporada<\/th><th style=\"display:none;\" class=\"data-venue\">estadio<\/th><th class=\"data-article\">art\u00edculo<\/th>\t\t\t\t<\/tr>\n\t\t\t<\/thead>\n\t\t\t<tbody>\n\t\t\t\t<tr class=\"sp-row sp-post alternate sp-row-no-0\" itemscope itemtype=\"http:\/\/schema.org\/SportsEvent\"><td class=\"data-date\" itemprop=\"startDate\" content=\"0023-04-18T00:00-00:14\" data-label=\"Fecha\"><a href=\"https:\/\/tenis23r2.fapostolsantiago.org\/index.php\/event\/2944\/\" itemprop=\"url\"><date>0023-04-18 00:00:00<\/date>abril 18, 0023<\/a><\/td><td class=\"data-event\" data-label=\"Evento\"><a href=\"https:\/\/tenis23r2.fapostolsantiago.org\/index.php\/event\/2944\/\"> ALBERTO JOS\u00c9 R.(6828) vs MAR\u00cdA ASCENSI\u00d3N F.(14590)<\/a><\/td><td class=\"data-league\" data-label=\"Liga\">Grupo 34<\/td><td class=\"data-season\" data-label=\"temporada\">Ronda 2<\/td><td style=\"display:none;\" class=\"data-venue\" data-label=\"estadio\" itemprop=\"location\" itemscope itemtype=\"http:\/\/schema.org\/Place\"><div itemprop=\"address\" itemscope itemtype=\"http:\/\/schema.org\/PostalAddress\">N\/A<\/div><\/td><td class=\"data-article\" data-label=\"art\u00edculo\"><a href=\"https:\/\/tenis23r2.fapostolsantiago.org\/index.php\/event\/2944\/\" itemprop=\"url\">Resumen<\/a><\/td><\/tr><tr class=\"sp-row sp-post sp-row-no-1\" itemscope itemtype=\"http:\/\/schema.org\/SportsEvent\"><td class=\"data-date\" itemprop=\"startDate\" content=\"0023-04-27T00:00-00:14\" data-label=\"Fecha\"><a href=\"https:\/\/tenis23r2.fapostolsantiago.org\/index.php\/event\/2945\/\" itemprop=\"url\"><date>0023-04-27 00:00:00<\/date>abril 27, 0023<\/a><\/td><td class=\"data-event\" data-label=\"Evento\"><a href=\"https:\/\/tenis23r2.fapostolsantiago.org\/index.php\/event\/2945\/\"> ALBERTO JOS\u00c9 R.(6828) vs JOS\u00c9 MANUEL V.(10479)<\/a><\/td><td class=\"data-league\" data-label=\"Liga\">Grupo 34<\/td><td class=\"data-season\" data-label=\"temporada\">Ronda 2<\/td><td style=\"display:none;\" class=\"data-venue\" data-label=\"estadio\" itemprop=\"location\" itemscope itemtype=\"http:\/\/schema.org\/Place\"><div itemprop=\"address\" itemscope itemtype=\"http:\/\/schema.org\/PostalAddress\">N\/A<\/div><\/td><td class=\"data-article\" data-label=\"art\u00edculo\"><a href=\"https:\/\/tenis23r2.fapostolsantiago.org\/index.php\/event\/2945\/\" itemprop=\"url\">Resumen<\/a><\/td><\/tr><tr class=\"sp-row sp-post alternate sp-row-no-2\" itemscope itemtype=\"http:\/\/schema.org\/SportsEvent\"><td class=\"data-date\" itemprop=\"startDate\" content=\"0023-05-06T00:00-00:14\" data-label=\"Fecha\"><a href=\"https:\/\/tenis23r2.fapostolsantiago.org\/index.php\/event\/2946\/\" itemprop=\"url\"><date>0023-05-06 00:00:00<\/date>mayo 6, 0023<\/a><\/td><td class=\"data-event\" data-label=\"Evento\"><a href=\"https:\/\/tenis23r2.fapostolsantiago.org\/index.php\/event\/2946\/\"> VICENTE JAVIER G.(6073) vs ALBERTO JOS\u00c9 R.(6828)<\/a><\/td><td class=\"data-league\" data-label=\"Liga\">Grupo 34<\/td><td class=\"data-season\" data-label=\"temporada\">Ronda 2<\/td><td style=\"display:none;\" class=\"data-venue\" data-label=\"estadio\" itemprop=\"location\" itemscope itemtype=\"http:\/\/schema.org\/Place\"><div itemprop=\"address\" itemscope itemtype=\"http:\/\/schema.org\/PostalAddress\">N\/A<\/div><\/td><td class=\"data-article\" data-label=\"art\u00edculo\"><a href=\"https:\/\/tenis23r2.fapostolsantiago.org\/index.php\/event\/2946\/\" itemprop=\"url\">Resumen<\/a><\/td><\/tr><tr class=\"sp-row sp-post sp-row-no-3\" itemscope itemtype=\"http:\/\/schema.org\/SportsEvent\"><td class=\"data-date\" itemprop=\"startDate\" content=\"0023-05-15T00:00-00:14\" data-label=\"Fecha\"><a href=\"https:\/\/tenis23r2.fapostolsantiago.org\/index.php\/event\/2947\/\" itemprop=\"url\"><date>0023-05-15 00:00:00<\/date>mayo 15, 0023<\/a><\/td><td class=\"data-event\" data-label=\"Evento\"><a href=\"https:\/\/tenis23r2.fapostolsantiago.org\/index.php\/event\/2947\/\"> JOS\u00c9 MANUEL V.(10479) vs MAR\u00cdA ASCENSI\u00d3N F.(14590)<\/a><\/td><td class=\"data-league\" data-label=\"Liga\">Grupo 34<\/td><td class=\"data-season\" data-label=\"temporada\">Ronda 2<\/td><td style=\"display:none;\" class=\"data-venue\" data-label=\"estadio\" itemprop=\"location\" itemscope itemtype=\"http:\/\/schema.org\/Place\"><div itemprop=\"address\" itemscope itemtype=\"http:\/\/schema.org\/PostalAddress\">N\/A<\/div><\/td><td class=\"data-article\" data-label=\"art\u00edculo\"><a href=\"https:\/\/tenis23r2.fapostolsantiago.org\/index.php\/event\/2947\/\" itemprop=\"url\">Resumen<\/a><\/td><\/tr><tr class=\"sp-row sp-post alternate sp-row-no-4\" itemscope itemtype=\"http:\/\/schema.org\/SportsEvent\"><td class=\"data-date\" itemprop=\"startDate\" content=\"0023-05-25T00:00-00:14\" data-label=\"Fecha\"><a href=\"https:\/\/tenis23r2.fapostolsantiago.org\/index.php\/event\/2948\/\" itemprop=\"url\"><date>0023-05-25 00:00:00<\/date>mayo 25, 0023<\/a><\/td><td class=\"data-event\" data-label=\"Evento\"><a href=\"https:\/\/tenis23r2.fapostolsantiago.org\/index.php\/event\/2948\/\"> ALBERTO JOS\u00c9 R.(6828) vs ALBERTO D.(33721)<\/a><\/td><td class=\"data-league\" data-label=\"Liga\">Grupo 34<\/td><td class=\"data-season\" data-label=\"temporada\">Ronda 2<\/td><td style=\"display:none;\" class=\"data-venue\" data-label=\"estadio\" itemprop=\"location\" itemscope itemtype=\"http:\/\/schema.org\/Place\"><div itemprop=\"address\" itemscope itemtype=\"http:\/\/schema.org\/PostalAddress\">N\/A<\/div><\/td><td class=\"data-article\" data-label=\"art\u00edculo\"><a href=\"https:\/\/tenis23r2.fapostolsantiago.org\/index.php\/event\/2948\/\" itemprop=\"url\">Resumen<\/a><\/td><\/tr><tr class=\"sp-row sp-post sp-row-no-5\" itemscope itemtype=\"http:\/\/schema.org\/SportsEvent\"><td class=\"data-date\" itemprop=\"startDate\" content=\"0023-06-28T00:00-00:14\" data-label=\"Fecha\"><a href=\"https:\/\/tenis23r2.fapostolsantiago.org\/index.php\/event\/2952\/\" itemprop=\"url\"><date>0023-06-28 00:00:00<\/date>junio 28, 0023<\/a><\/td><td class=\"data-event\" data-label=\"Evento\"><a href=\"https:\/\/tenis23r2.fapostolsantiago.org\/index.php\/event\/2952\/\"> VICENTE JAVIER G.(6073) vs MAR\u00cdA ASCENSI\u00d3N F.(14590)<\/a><\/td><td class=\"data-league\" data-label=\"Liga\">Grupo 34<\/td><td class=\"data-season\" data-label=\"temporada\">Ronda 2<\/td><td style=\"display:none;\" class=\"data-venue\" data-label=\"estadio\" itemprop=\"location\" itemscope itemtype=\"http:\/\/schema.org\/Place\"><div itemprop=\"address\" itemscope itemtype=\"http:\/\/schema.org\/PostalAddress\">N\/A<\/div><\/td><td class=\"data-article\" data-label=\"art\u00edculo\"><a href=\"https:\/\/tenis23r2.fapostolsantiago.org\/index.php\/event\/2952\/\" itemprop=\"url\">Resumen<\/a><\/td><\/tr><tr class=\"sp-row sp-post alternate sp-row-no-6\" itemscope itemtype=\"http:\/\/schema.org\/SportsEvent\"><td class=\"data-date\" itemprop=\"startDate\" content=\"0023-06-28T00:00-00:14\" data-label=\"Fecha\"><a href=\"https:\/\/tenis23r2.fapostolsantiago.org\/index.php\/event\/2953\/\" itemprop=\"url\"><date>0023-06-28 00:00:00<\/date>junio 28, 0023<\/a><\/td><td class=\"data-event\" data-label=\"Evento\"><a href=\"https:\/\/tenis23r2.fapostolsantiago.org\/index.php\/event\/2953\/\"> VICENTE JAVIER G.(6073) vs JOS\u00c9 MANUEL V.(10479)<\/a><\/td><td class=\"data-league\" data-label=\"Liga\">Grupo 34<\/td><td class=\"data-season\" data-label=\"temporada\">Ronda 2<\/td><td style=\"display:none;\" class=\"data-venue\" data-label=\"estadio\" itemprop=\"location\" itemscope itemtype=\"http:\/\/schema.org\/Place\"><div itemprop=\"address\" itemscope itemtype=\"http:\/\/schema.org\/PostalAddress\">N\/A<\/div><\/td><td class=\"data-article\" data-label=\"art\u00edculo\"><a href=\"https:\/\/tenis23r2.fapostolsantiago.org\/index.php\/event\/2953\/\" itemprop=\"url\">Resumen<\/a><\/td><\/tr><tr class=\"sp-row sp-post sp-row-no-7\" itemscope itemtype=\"http:\/\/schema.org\/SportsEvent\"><td class=\"data-date\" itemprop=\"startDate\" content=\"0023-06-29T00:00-00:14\" data-label=\"Fecha\"><a href=\"https:\/\/tenis23r2.fapostolsantiago.org\/index.php\/event\/2949\/\" itemprop=\"url\"><date>0023-06-29 00:00:00<\/date>junio 29, 0023<\/a><\/td><td class=\"data-event\" data-label=\"Evento\"><a href=\"https:\/\/tenis23r2.fapostolsantiago.org\/index.php\/event\/2949\/\"> MAR\u00cdA ASCENSI\u00d3N F.(14590) vs ALBERTO D.(33721)<\/a><\/td><td class=\"data-league\" data-label=\"Liga\">Grupo 34<\/td><td class=\"data-season\" data-label=\"temporada\">Ronda 2<\/td><td style=\"display:none;\" class=\"data-venue\" data-label=\"estadio\" itemprop=\"location\" itemscope itemtype=\"http:\/\/schema.org\/Place\"><div itemprop=\"address\" itemscope itemtype=\"http:\/\/schema.org\/PostalAddress\">N\/A<\/div><\/td><td class=\"data-article\" data-label=\"art\u00edculo\"><a href=\"https:\/\/tenis23r2.fapostolsantiago.org\/index.php\/event\/2949\/\" itemprop=\"url\">Resumen<\/a><\/td><\/tr><tr class=\"sp-row sp-post alternate sp-row-no-8\" itemscope itemtype=\"http:\/\/schema.org\/SportsEvent\"><td class=\"data-date\" itemprop=\"startDate\" content=\"0023-06-29T00:00-00:14\" data-label=\"Fecha\"><a href=\"https:\/\/tenis23r2.fapostolsantiago.org\/index.php\/event\/2950\/\" itemprop=\"url\"><date>0023-06-29 00:00:00<\/date>junio 29, 0023<\/a><\/td><td class=\"data-event\" data-label=\"Evento\"><a href=\"https:\/\/tenis23r2.fapostolsantiago.org\/index.php\/event\/2950\/\"> JOS\u00c9 MANUEL V.(10479) vs ALBERTO D.(33721)<\/a><\/td><td class=\"data-league\" data-label=\"Liga\">Grupo 34<\/td><td class=\"data-season\" data-label=\"temporada\">Ronda 2<\/td><td style=\"display:none;\" class=\"data-venue\" data-label=\"estadio\" itemprop=\"location\" itemscope itemtype=\"http:\/\/schema.org\/Place\"><div itemprop=\"address\" itemscope itemtype=\"http:\/\/schema.org\/PostalAddress\">N\/A<\/div><\/td><td class=\"data-article\" data-label=\"art\u00edculo\"><a href=\"https:\/\/tenis23r2.fapostolsantiago.org\/index.php\/event\/2950\/\" itemprop=\"url\">Resumen<\/a><\/td><\/tr><tr class=\"sp-row sp-post sp-row-no-9\" itemscope itemtype=\"http:\/\/schema.org\/SportsEvent\"><td class=\"data-date\" itemprop=\"startDate\" content=\"0023-06-29T00:00-00:14\" data-label=\"Fecha\"><a href=\"https:\/\/tenis23r2.fapostolsantiago.org\/index.php\/event\/2951\/\" itemprop=\"url\"><date>0023-06-29 00:00:00<\/date>junio 29, 0023<\/a><\/td><td class=\"data-event\" data-label=\"Evento\"><a href=\"https:\/\/tenis23r2.fapostolsantiago.org\/index.php\/event\/2951\/\"> VICENTE JAVIER G.(6073) vs ALBERTO D.(33721)<\/a><\/td><td class=\"data-league\" data-label=\"Liga\">Grupo 34<\/td><td class=\"data-season\" data-label=\"temporada\">Ronda 2<\/td><td style=\"display:none;\" class=\"data-venue\" data-label=\"estadio\" itemprop=\"location\" itemscope itemtype=\"http:\/\/schema.org\/Place\"><div itemprop=\"address\" itemscope itemtype=\"http:\/\/schema.org\/PostalAddress\">N\/A<\/div><\/td><td class=\"data-article\" data-label=\"art\u00edculo\"><a href=\"https:\/\/tenis23r2.fapostolsantiago.org\/index.php\/event\/2951\/\" itemprop=\"url\">Resumen<\/a><\/td><\/tr>\t\t\t<\/tbody>\n\t\t<\/table>\n\t<\/div>\n\t<\/div>\n<\/div>\n<p>&nbsp;<\/p>\n","protected":false},"excerpt":{"rendered":"<p>&nbsp;<\/p>\n","protected":false},"author":1,"featured_media":0,"parent":90,"menu_order":0,"comment_status":"closed","ping_status":"closed","template":"","meta":{"footnotes":""},"class_list":["post-1702","page","type-page","status-publish","hentry"],"_links":{"self":[{"href":"https:\/\/tenis23r2.fapostolsantiago.org\/index.php\/wp-json\/wp\/v2\/pages\/1702","targetHints":{"allow":["GET"]}}],"collection":[{"href":"https:\/\/tenis23r2.fapostolsantiago.org\/index.php\/wp-json\/wp\/v2\/pages"}],"about":[{"href":"https:\/\/tenis23r2.fapostolsantiago.org\/index.php\/wp-json\/wp\/v2\/types\/page"}],"author":[{"embeddable":true,"href":"https:\/\/tenis23r2.fapostolsantiago.org\/index.php\/wp-json\/wp\/v2\/users\/1"}],"replies":[{"embeddable":true,"href":"https:\/\/tenis23r2.fapostolsantiago.org\/index.php\/wp-json\/wp\/v2\/comments?post=1702"}],"version-history":[{"count":2,"href":"https:\/\/tenis23r2.fapostolsantiago.org\/index.php\/wp-json\/wp\/v2\/pages\/1702\/revisions"}],"predecessor-version":[{"id":1715,"href":"https:\/\/tenis23r2.fapostolsantiago.org\/index.php\/wp-json\/wp\/v2\/pages\/1702\/revisions\/1715"}],"up":[{"embeddable":true,"href":"https:\/\/tenis23r2.fapostolsantiago.org\/index.php\/wp-json\/wp\/v2\/pages\/90"}],"wp:attachment":[{"href":"https:\/\/tenis23r2.fapostolsantiago.org\/index.php\/wp-json\/wp\/v2\/media?parent=1702"}],"curies":[{"name":"wp","href":"https:\/\/api.w.org\/{rel}","templated":true}]}}