{"id":88,"date":"2023-03-13T21:33:25","date_gmt":"2023-03-13T20:33:25","guid":{"rendered":"https:\/\/tenis.fapostolsantiago.org\/?page_id=88"},"modified":"2023-06-23T12:57:18","modified_gmt":"2023-06-23T10:57:18","slug":"inicio","status":"publish","type":"page","link":"https:\/\/tenis23r2.fapostolsantiago.org\/","title":{"rendered":"Inicio"},"content":{"rendered":"<p>Estimados Jugadores<\/p>\n<p>Las clasificaciones y resultados est\u00e1n actualizadas con los partidos celebrados hasta el d\u00eda 16 de Junio de 2023. Los partidos celebrados con posterioridad ser\u00e1n tenidos en cuenta en futuras actualizaciones.<\/p>\n<p>Un saludo.<\/p>\n","protected":false},"excerpt":{"rendered":"<p>Estimados Jugadores Las clasificaciones y resultados est\u00e1n actualizadas con los partidos celebrados hasta el d\u00eda 16 de Junio de 2023. Los partidos celebrados con posterioridad ser\u00e1n tenidos en cuenta en futuras actualizaciones. Un saludo.<\/p>\n","protected":false},"author":1,"featured_media":0,"parent":0,"menu_order":0,"comment_status":"closed","ping_status":"closed","template":"","meta":{"footnotes":""},"class_list":["post-88","page","type-page","status-publish","hentry"],"_links":{"self":[{"href":"https:\/\/tenis23r2.fapostolsantiago.org\/index.php\/wp-json\/wp\/v2\/pages\/88","targetHints":{"allow":["GET"]}}],"collection":[{"href":"https:\/\/tenis23r2.fapostolsantiago.org\/index.php\/wp-json\/wp\/v2\/pages"}],"about":[{"href":"https:\/\/tenis23r2.fapostolsantiago.org\/index.php\/wp-json\/wp\/v2\/types\/page"}],"author":[{"embeddable":true,"href":"https:\/\/tenis23r2.fapostolsantiago.org\/index.php\/wp-json\/wp\/v2\/users\/1"}],"replies":[{"embeddable":true,"href":"https:\/\/tenis23r2.fapostolsantiago.org\/index.php\/wp-json\/wp\/v2\/comments?post=88"}],"version-history":[{"count":3,"href":"https:\/\/tenis23r2.fapostolsantiago.org\/index.php\/wp-json\/wp\/v2\/pages\/88\/revisions"}],"predecessor-version":[{"id":1767,"href":"https:\/\/tenis23r2.fapostolsantiago.org\/index.php\/wp-json\/wp\/v2\/pages\/88\/revisions\/1767"}],"wp:attachment":[{"href":"https:\/\/tenis23r2.fapostolsantiago.org\/index.php\/wp-json\/wp\/v2\/media?parent=88"}],"curies":[{"name":"wp","href":"https:\/\/api.w.org\/{rel}","templated":true}]}}